{"id":1840,"date":"2024-06-01T13:02:18","date_gmt":"2024-06-01T11:02:18","guid":{"rendered":"https:\/\/www.smokyhub.com\/wer-ist-smoky\/"},"modified":"2025-11-21T16:09:47","modified_gmt":"2025-11-21T15:09:47","slug":"wer-ist-smoky","status":"publish","type":"page","link":"https:\/\/www.smokyhub.com\/de\/wer-ist-smoky\/","title":{"rendered":"Wer ist Smoky?"},"content":{"rendered":"\n\n  <div class=\"banner has-hover\" id=\"banner-1220265078\">\n          <div class=\"banner-inner fill\">\n        <div class=\"banner-bg fill\" >\n                                                \n                    <\/div>\n\t\t\n        <div class=\"banner-layers container\">\n            <div class=\"fill banner-link\"><\/div>            \n\n   <div id=\"text-box-1580269835\" class=\"text-box banner-layer x50 md-x50 lg-x50 y50 md-y50 lg-y50 res-text\">\n                                <div class=\"text-box-content text \">\n              \n              <div class=\"text-inner text-center\">\n                  \n\n\t<div id=\"text-1060940010\" class=\"text\">\n\t\t\n\n<h1 class=\"alt-font uppercase\"><span class=\"ez-toc-section\" id=\"WER_IST_SMOKY\"><\/span>WER IST SMOKY?<span class=\"ez-toc-section-end\"><\/span><\/h1>\n\t\t\n<style>\n#text-1060940010 {\n  font-size: 1.2rem;\n}\n@media (min-width:550px) {\n  #text-1060940010 {\n    font-size: 1.5rem;\n  }\n}\n<\/style>\n\t<\/div>\n\t\n\t<div id=\"text-3168449110\" class=\"text inter\">\n\t\t\n\n<p data-start=\"0\" data-end=\"148\">Mit funkelnden Augen, offenem Herz und einem Gesp\u00fcr f\u00fcr alles<br>Echte ist Smoky immer unterwegs, um Neues zu entdecken. <\/p>\n<p data-start=\"150\" data-end=\"354\" data-is-last-node=\"\" data-is-only-node=\"\">Seine Energie steckt an \u2013 mit Lachen, Leichtigkeit und einer Portion Abenteuerlust.<br>Er tr\u00e4umt von einer Welt, die ehrlicher, gr\u00fcner und einfach ein bisschen besser ist.  <\/p>\n\t\t\t<\/div>\n\t\n\n              <\/div>\n           <\/div>\n                            \n<style>\n#text-box-1580269835 {\n  width: 90%;\n}\n#text-box-1580269835 .text-box-content {\n  font-size: 100%;\n}\n@media (min-width:550px) {\n  #text-box-1580269835 {\n    width: 63%;\n  }\n}\n<\/style>\n    <\/div>\n \n   <div id=\"text-box-858767333\" class=\"text-box banner-layer x100 md-x100 lg-x100 y90 md-y90 lg-y90 res-text\">\n                                <div class=\"text-box-content text dark\">\n              \n              <div class=\"text-inner text-center\">\n                  \n\n\n\n<p><\/p>\n<div id=\"lottie-container\"><\/div>\n<p>\n\t<script>\n\t\tvar animation = lottie.loadAnimation({\n\t\t\tcontainer: document.getElementById('lottie-container'),\n\t\t\trenderer: 'svg',\n\t\t\tloop: true,\n\t\t\tautoplay: true,\n\t\t\tpath: 'https:\/\/smokyhub.com\/wp-content\/uploads\/2024\/07\/SmokyHub_anim-Wave_01.json'\n\t\t});\n\t<\/script>\n<\/p>\n<p><\/p>\n\n\n\n              <\/div>\n           <\/div>\n                            \n<style>\n#text-box-858767333 {\n  width: 32%;\n}\n#text-box-858767333 .text-box-content {\n  font-size: 100%;\n}\n<\/style>\n    <\/div>\n \n\n        <\/div>\n      <\/div>\n\n            \n<style>\n#banner-1220265078 {\n  padding-top: 90vh;\n  background-color: rgb(120, 207, 232);\n}\n@media (min-width:550px) {\n  #banner-1220265078 {\n    padding-top: 800px;\n  }\n}\n<\/style>\n  <\/div>\n\n\n\n\n\t<div class=\"image-stack\">\n\n\t\t<div class=\"smokyrow\" id=\"row1\">\n\t\t\t<div id=\"column1\" class=\"smokycolumn text box-yellow bbl\">\n\t\t\t\t<div class=\"smoky-text\">\n\t\t\t\t\t<h2 class=\"alt-font uppercase\"><span class=\"ez-toc-section\" id=\"Smokys_Geschichte\"><\/span>Smokys Geschichte<span class=\"ez-toc-section-end\"><\/span><\/h2>\n\t\t\t\t\t<p class=\"text inter\">An einem magischen Tag sp\u00fcrte Smoky einen Ruf \u2013 den Ruf, der Welt die wunderbaren Seiten\n\t\t\t\t\t\tder Hanfpflanze zu zeigen. \u201eWarum verbittert sein, wenn das Leben so viel Spa\u00df machen kann?\u201c, dachte er sich \u2013\n\t\t\t\t\t\tund machte sich auf den Weg.\n\n\t\t\t\t\t\tMit jedem Schritt erz\u00e4hlt er neue Hanf-Stories: von \u00f6kologischer Kleidung \u00fcber nachhaltige Baustoffe, heilende\n\t\t\t\t\t\tKr\u00e4fte bis hin zu Bioenergie \u2013 und noch viel mehr. So wurde Smoky zum echten Botschafter f\u00fcr eine gr\u00fcnere,\n\t\t\t\t\t\tbewusstere Zukunft.\n\t\t\t\t\t<\/p>\n\t\t\t\t<\/div>\n\t\t\t<\/div>\n\t\t\t<div id=\"column2\" class=\"smokycolumn image-wrapper bbr box-pink\" id=\"image1\">\n\t\t\t\t<img decoding=\"async\" src=\"http:\/\/www.smokyhub.com\/wp-content\/uploads\/2024\/06\/smoky-character.png\" alt=\"Smoky\">\n\t\t\t<\/div>\n\t\t<\/div>\n\n\t\t<div class=\"smokyrow\" id=\"row3\">\n\t\t\t<div id=\"column5\" class=\"smokycolumn text box-yellow bbl\">\n\t\t\t\t<div class=\"smoky-text\">\n\t\t\t\t\t<h2 class=\"alt-font uppercase\"><span class=\"ez-toc-section\" id=\"Smokys_Mission\"><\/span>Smokys Mission<span class=\"ez-toc-section-end\"><\/span><\/h2>\n\t\t\t\t\t<p class=\"text inter\">Smokys Mission ist simpel \u2013 und doch tiefgr\u00fcndig: Menschen f\u00fcr die Wunder der Hanfpflanze\n\t\t\t\t\t\tzu begeistern.\n\t\t\t\t\t\tMit spielerischer Energie und echter W\u00e4rme baut er Br\u00fccken zwischen Mensch und Planet. Smoky teilt nicht nur\n\t\t\t\t\t\tWissen \u2013 er startet eine Bewegung. F\u00fcr eine gr\u00fcnere, entspanntere und fr\u00f6hlichere Zukunft.<\/p>\n\t\t\t\t<\/div>\n\t\t\t<\/div>\n\t\t\t<div id=\"column6\" class=\"smokycolumn image-wrapper bbr box-light-blue\" id=\"image3\">\n\t\t\t\t<img decoding=\"async\" src=\"http:\/\/www.smokyhub.com\/wp-content\/uploads\/2024\/06\/smoky-character.png\" alt=\"Smoky\">\n\t\t\t<\/div>\n\t\t<\/div>\n\n\t\t<div class=\"smokyrow\" id=\"row4\">\n\t\t\t<div id=\"column7\" class=\"smokycolumn text box-pink bbl\">\n\t\t\t\t<div class=\"smoky-text\">\n\t\t\t\t\t<h2 class=\"alt-font uppercase\"><span class=\"ez-toc-section\" id=\"CARRY_LIFT\"><\/span>CARRY LIFT<span class=\"ez-toc-section-end\"><\/span><\/h2>\n\t\t\t\t\t<p class=\"text inter\">Carry Lift ist Smokys hyperaktiver Kumpel \u2013 immer gut drauf, immer voller Power.\n\t\t\t\t\t\tMit seinem ansteckenden Lachen und seiner spr\u00fchenden Energie steckt er dich sofort mit guter Laune an.\n\n\t\t\t\t\t\tSeine Vision ist klar: Du sollst in jedem Moment auf voller Energie laufen \u2013 bereit f\u00fcr alles, was kommt. Mit\n\t\t\t\t\t\tseiner bew\u00e4hrten Formel bringt dir Carry Lift genau das, was du brauchst: Vitalit\u00e4t, Drive und die Kraft, auch\n\t\t\t\t\t\tdie h\u00e4rtesten Alltagsh\u00fcrden locker zu nehmen.<\/p>\n\t\t\t\t<\/div>\n\t\t\t<\/div>\n\t\t\t<div id=\"column8\" class=\"smokycolumn image-wrapper bbr box-red\" id=\"image4\">\n\t\t\t\t<img decoding=\"async\" src=\"https:\/\/www.smokyhub.com\/wp-content\/uploads\/2024\/07\/carry-lift.png\" alt=\"Carry Lift\">\n\t\t\t<\/div>\n\t\t<\/div>\n\n\t\t<div class=\"smokyrow\" id=\"row5\">\n\t\t\t<div id=\"column9\" class=\"smokycolumn text box-light-green bbl\">\n\t\t\t\t<div class=\"smoky-text\">\n\t\t\t\t\t<h2 class=\"alt-font uppercase\"><span class=\"ez-toc-section\" id=\"bob_mellow\"><\/span>bob mellow<span class=\"ez-toc-section-end\"><\/span><\/h2>\n\t\t\t\t\t<p class=\"text inter\">Bob Mellow ist Smokys entspannter, ruhiger Freund \u2013 ein echter Kenner der Pflanze und\n\t\t\t\t\t\tihrer Kraft zur Tiefenentspannung. Mit seinem feinen Gesp\u00fcr verbindet er die Benefits dieser wunderbaren\n\t\t\t\t\t\tNaturgabe mit dem, was uns im hektischen Alltag oft fehlt: echter Ruhe.\n\n\t\t\t\t\t\tSein Motto ist simpel: In einer Welt voller Stress, H\u00fcrden und Zeitdruck brauchen wir alle etwas, das uns\n\t\t\t\t\t\trunterbringt \u2013 und zur\u00fcck zu uns selbst f\u00fchrt. Sein Hanf-Blend bringt genau das: innere Stille, Leichtigkeit\n\t\t\t\t\t\tund ein Gef\u00fchl von Schwerelosigkeit.\n\t\t\t\t\t<\/p>\n\t\t\t\t<\/div>\n\t\t\t<\/div>\n\t\t\t<div id=\"column10\" class=\"smokycolumn image-wrapper bbr box-dark-green\" id=\"image5\">\n\t\t\t\t<img decoding=\"async\" src=\"https:\/\/www.smokyhub.com\/wp-content\/uploads\/2024\/07\/bob-mellow.png\" alt=\"Carry Lift\">\n\t\t\t<\/div>\n\t\t<\/div>\n\n\t\t<div class=\"smokyrow\" id=\"row6\">\n\t\t\t<div id=\"column11\" class=\"smokycolumn text box-light-blue bbl\">\n\t\t\t\t<div class=\"smoky-text\">\n\t\t\t\t\t<h2 class=\"alt-font uppercase\"><span class=\"ez-toc-section\" id=\"sleepy_joe\"><\/span>sleepy joe<span class=\"ez-toc-section-end\"><\/span><\/h2>\n\t\t\t\t\t<p class=\"text inter\">Sleepy Joe ist Smokys verschlafener Freund \u2013 ruhig, gelassen und ein wahrer Meister der\n\t\t\t\t\t\tEntspannung. Mit seiner sanften Art und seinem tiefen Verst\u00e4ndnis f\u00fcr Erholung hilft er dir, Nacht f\u00fcr Nacht\n\t\t\t\t\t\tin den perfekten Schlaf zu finden.\n\n\t\t\t\t\t\tSeine Mission ist klar: Jeder Mensch verdient einen echten Pr\u00e4sidenten-Schlaf. Mit seiner Hanf-Formel bringt\n\t\t\t\t\t\ter dir das, was wir alle brauchen \u2013 Stille, inneren Frieden und ein sanftes Abgleiten in die Nacht. Entdecke,\n\t\t\t\t\t\twie Sleepy Joe deine Abende in ein wohltuendes Ritual voller Ruhe und s\u00fc\u00dfer Tr\u00e4ume verwandeln kann.<\/p>\n\t\t\t\t<\/div>\n\t\t\t<\/div>\n\t\t\t<div id=\"column12\" class=\"smokycolumn image-wrapper bbr box-dark-blue\" id=\"image6\">\n\t\t\t\t<img decoding=\"async\" src=\"https:\/\/www.smokyhub.com\/wp-content\/uploads\/2024\/07\/sleepy-joe.png\" alt=\"Carry Lift\">\n\t\t\t<\/div>\n\t\t<\/div>\n\n\t<\/div>\n\t\n\n<div class=\"row row-collapse row-full-width\"  id=\"row-576502678\">\r\n\r\n\n\t<div id=\"col-938975528\" class=\"col small-12 large-12\"  >\n\t\t\t\t<div class=\"col-inner\"  >\n\t\t\t\n\t\t\t\r\n\r\n\t\t<div class=\"running-text\">\n\t\t\t\t\r\n\r\n<div class=\"marquee3k\" data-speed=\"1.5\">\r\n<div class=\"marquee3k__copy\">\r\n<span style=\"color: #ed96ba\">Abonnieren Sie den Newsletter und erhalten Sie 10 % Rabatt.<\/span>\r\n<span>Abonnieren Sie den Newsletter und erhalten Sie 10 % Rabatt.<\/span>\r\n<span style=\"color: #ed96ba\">Abonnieren Sie den Newsletter und erhalten Sie 10 % Rabatt.<\/span>\r\n<span>Abonnieren Sie den Newsletter und erhalten Sie 10 % Rabatt.<\/span>\r\n<\/div>\r\n<\/div>\r\n\t\t<\/div>\n\t\r\n\r\n\t\t<\/div>\n\t\t\t\t\t<\/div>\n\n\t\r\n\r\n\n<style>\n#row-576502678 > .col > .col-inner {\n  background-color: rgb(235, 64, 51);\n}\n<\/style>\n<\/div>\n\n\n","protected":false},"excerpt":{"rendered":"","protected":false},"author":1,"featured_media":0,"parent":0,"menu_order":0,"comment_status":"closed","ping_status":"closed","template":"page-transparent-header.php","meta":{"_acf_changed":false,"footnotes":""},"class_list":["post-1840","page","type-page","status-publish","hentry"],"acf":[],"_links":{"self":[{"href":"https:\/\/www.smokyhub.com\/de\/wp-json\/wp\/v2\/pages\/1840","targetHints":{"allow":["GET"]}}],"collection":[{"href":"https:\/\/www.smokyhub.com\/de\/wp-json\/wp\/v2\/pages"}],"about":[{"href":"https:\/\/www.smokyhub.com\/de\/wp-json\/wp\/v2\/types\/page"}],"author":[{"embeddable":true,"href":"https:\/\/www.smokyhub.com\/de\/wp-json\/wp\/v2\/users\/1"}],"replies":[{"embeddable":true,"href":"https:\/\/www.smokyhub.com\/de\/wp-json\/wp\/v2\/comments?post=1840"}],"version-history":[{"count":9,"href":"https:\/\/www.smokyhub.com\/de\/wp-json\/wp\/v2\/pages\/1840\/revisions"}],"predecessor-version":[{"id":2101,"href":"https:\/\/www.smokyhub.com\/de\/wp-json\/wp\/v2\/pages\/1840\/revisions\/2101"}],"wp:attachment":[{"href":"https:\/\/www.smokyhub.com\/de\/wp-json\/wp\/v2\/media?parent=1840"}],"curies":[{"name":"wp","href":"https:\/\/api.w.org\/{rel}","templated":true}]}}