{"id":1944,"date":"2024-06-01T13:03:00","date_gmt":"2024-06-01T11:03:00","guid":{"rendered":"https:\/\/www.smokyhub.com\/faq\/"},"modified":"2025-11-19T10:04:31","modified_gmt":"2025-11-19T09:04:31","slug":"faq","status":"publish","type":"page","link":"https:\/\/www.smokyhub.com\/de\/faq\/","title":{"rendered":"FAQ"},"content":{"rendered":"\n\n\t<section class=\"section\" id=\"section_1682835962\">\n\t\t<div class=\"section-bg fill\" >\n\t\t\t\t\t\t\t\t\t\n\t\t\t\n\n\t\t<\/div>\n\n\t\t\n\n\t\t<div class=\"section-content relative\">\n\t\t\t\n\n<div class=\"row\"  id=\"row-654575169\">\n\n\n\t<div id=\"col-1799805614\" class=\"col large-12\"  >\n\t\t\t\t<div class=\"col-inner\"  >\n\t\t\t\n\t\t\t\n\n\t<div id=\"text-2428930264\" class=\"text alt-font\">\n\t\t\n\n<h1 class=\"mb-0\"><span class=\"ez-toc-section\" id=\"FAQ\"><\/span>FAQ<span class=\"ez-toc-section-end\"><\/span><\/h1>\n\t\t\n<style>\n#text-2428930264 {\n  font-size: 2.2rem;\n}\n<\/style>\n\t<\/div>\n\t\n\n\t\t<\/div>\n\t\t\t\t\t<\/div>\n\n\t\n\n<\/div>\n<div class=\"row\"  id=\"row-1744406414\">\n\n\n\t<div id=\"col-1354595391\" class=\"col small-12 large-12\"  >\n\t\t\t\t<div class=\"col-inner\"  >\n\t\t\t\n\t\t\t\n\n<h2><span class=\"ez-toc-section\" id=\"Ueber_Hanf\"><\/span>\u00dcber Hanf<span class=\"ez-toc-section-end\"><\/span><\/h2>\n<div class=\"accordion smoky-accordion\">\n\n\t<div id=\"accordion-3211196501\" class=\"accordion-item\">\n\t\t<a id=\"accordion-3211196501-label\" class=\"accordion-title plain active\" href=\"#accordion-item-was-ist-die-hanfbl\u00fcte?-wie-sieht-sie-aus?\" aria-expanded=\"true\" aria-controls=\"accordion-3211196501-content\">\n\t\t\t<button class=\"toggle\" aria-label=\"Umschalten\"><i class=\"icon-angle-down\" aria-hidden=\"true\"><\/i><\/button>\n\t\t\t<span>Was ist die Hanfbl\u00fcte? Wie sieht sie aus?<\/span>\n\t\t<\/a>\n\t\t<div id=\"accordion-3211196501-content\" class=\"accordion-inner\" style=\"display: block;\" aria-labelledby=\"accordion-3211196501-label\">\n\t\t\t\n\n\t<div id=\"text-2784684907\" class=\"text inter\">\n\t\t\n\n<p>Hanf ist eine einj\u00e4hrige Pflanze mit dem bekannten siebenbl\u00e4ttrigen Look. In gem\u00e4\u00dfigtem Klima w\u00e4chst sie zwischen 0,5 und 5\u202fm hoch. Weibliche Pflanzen bilden dichte, farbige Bl\u00fcten. Nach der Ernte werden die Bl\u00e4tter getrimmt und die Bl\u00fcte getrocknet und fermentiert. Die Buds sind in der Regel 5\u201310\u202fcm gro\u00df \u2013 eine einfache Pflanze mit viel Charakter.<\/p>\n\t\t\t<\/div>\n\t\n\n\t\t<\/div>\n\t<\/div>\n\t\n\t<div id=\"accordion-2669242805\" class=\"accordion-item\">\n\t\t<a id=\"accordion-2669242805-label\" class=\"accordion-title plain\" href=\"#accordion-item-warum-ist-hanf-ein-echtes-naturwunder?\" aria-expanded=\"false\" aria-controls=\"accordion-2669242805-content\">\n\t\t\t<button class=\"toggle\" aria-label=\"Umschalten\"><i class=\"icon-angle-down\" aria-hidden=\"true\"><\/i><\/button>\n\t\t\t<span>Warum ist Hanf ein echtes Naturwunder?<\/span>\n\t\t<\/a>\n\t\t<div id=\"accordion-2669242805-content\" class=\"accordion-inner\" aria-labelledby=\"accordion-2669242805-label\">\n\t\t\t\n\n\t<div id=\"text-2525876435\" class=\"text inter\">\n\t\t\n\n<p>Unser Team glaubt, dass uns diese Pflanze geschenkt wurde, um Wohlbefinden zu f\u00f6rdern und nachhaltiges Leben zu unterst\u00fctzen. Hanfbl\u00fcten sind besonders wegen ihres medizinischen Potenzials gesch\u00e4tzt \u2013 sie k\u00f6nnen bei Schlafst\u00f6rungen, \u00dcbelkeit, Kopfschmerzen und sogar schwereren Beschwerden helfen. Und das Beste: Hanf ist robust, w\u00e4chst ohne Pestizide oder Herbizide \u2013 also auch gut f\u00fcr den Planeten.<\/p>\n\t\t\t<\/div>\n\t\n\n\t\t<\/div>\n\t<\/div>\n\t\n\t<div id=\"accordion-2105321688\" class=\"accordion-item\">\n\t\t<a id=\"accordion-2105321688-label\" class=\"accordion-title plain\" href=\"#accordion-item-ist-industriehanf-oder-cbd-hanf-dasselbe-wie-marihuana?\" aria-expanded=\"false\" aria-controls=\"accordion-2105321688-content\">\n\t\t\t<button class=\"toggle\" aria-label=\"Umschalten\"><i class=\"icon-angle-down\" aria-hidden=\"true\"><\/i><\/button>\n\t\t\t<span>Ist Industriehanf oder CBD-Hanf dasselbe wie Marihuana?<\/span>\n\t\t<\/a>\n\t\t<div id=\"accordion-2105321688-content\" class=\"accordion-inner\" aria-labelledby=\"accordion-2105321688-label\">\n\t\t\t\n\n\t<div id=\"text-1356404843\" class=\"text inter\">\n\t\t\n\n<p>Nein. Beides geh\u00f6rt zur Gattung Cannabis, aber Hanf enth\u00e4lt sehr wenig THC und mehr CBD \u2013 er macht nicht high. Marihuana hingegen hat einen h\u00f6heren THC-Gehalt und wirkt psychoaktiv.<\/p>\n\t\t\t<\/div>\n\t\n\n\t\t<\/div>\n\t<\/div>\n\t\n\t<div id=\"accordion-580745316\" class=\"accordion-item\">\n\t\t<a id=\"accordion-580745316-label\" class=\"accordion-title plain\" href=\"#accordion-item-was-sind-terpene?\" aria-expanded=\"false\" aria-controls=\"accordion-580745316-content\">\n\t\t\t<button class=\"toggle\" aria-label=\"Umschalten\"><i class=\"icon-angle-down\" aria-hidden=\"true\"><\/i><\/button>\n\t\t\t<span>Was sind Terpene?<\/span>\n\t\t<\/a>\n\t\t<div id=\"accordion-580745316-content\" class=\"accordion-inner\" aria-labelledby=\"accordion-580745316-label\">\n\t\t\t\n\n\t<div id=\"text-2193674644\" class=\"text inter\">\n\t\t\n\n<p>Terpene sind die nat\u00fcrlichen Aromen und Geschmacksstoffe der Pflanze. Manche wirken entspannend, andere eher belebend.<\/p>\n\t\t\t<\/div>\n\t\n\n\t\t<\/div>\n\t<\/div>\n\t\n\n<\/div>\n\t<div id=\"gap-890821121\" class=\"gap-element clearfix\" style=\"display:block; height:auto;\">\n\t\t\n<style>\n#gap-890821121 {\n  padding-top: 30px;\n}\n<\/style>\n\t<\/div>\n\t\n\n<h2><span class=\"ez-toc-section\" id=\"CANNABINOIDE\"><\/span>CANNABINOIDE<span class=\"ez-toc-section-end\"><\/span><\/h2>\n<div class=\"accordion smoky-accordion\">\n\n\t<div id=\"accordion-3892178778\" class=\"accordion-item\">\n\t\t<a id=\"accordion-3892178778-label\" class=\"accordion-title plain\" href=\"#accordion-item-was-ist-cbd?\" aria-expanded=\"false\" aria-controls=\"accordion-3892178778-content\">\n\t\t\t<button class=\"toggle\" aria-label=\"Umschalten\"><i class=\"icon-angle-down\" aria-hidden=\"true\"><\/i><\/button>\n\t\t\t<span>Was ist CBD?<\/span>\n\t\t<\/a>\n\t\t<div id=\"accordion-3892178778-content\" class=\"accordion-inner\" aria-labelledby=\"accordion-3892178778-label\">\n\t\t\t\n\n\t<div id=\"text-4190557632\" class=\"text inter\">\n\t\t\n\n<p>CBD (Cannabidiol) ist eines von \u00fcber 100 nat\u00fcrlichen Cannabinoiden in Hanf. Es ist nicht psychoaktiv und wird von vielen Menschen f\u00fcr Balance und Wohlbefinden verwendet.<\/p>\n<!-- -->\n\t\t\t<\/div>\n\t\n\n\t\t<\/div>\n\t<\/div>\n\t\n\t<div id=\"accordion-1081624256\" class=\"accordion-item\">\n\t\t<a id=\"accordion-1081624256-label\" class=\"accordion-title plain\" href=\"#accordion-item-was-ist-der-unterschied-zwischen-cbd-und-thc?\" aria-expanded=\"false\" aria-controls=\"accordion-1081624256-content\">\n\t\t\t<button class=\"toggle\" aria-label=\"Umschalten\"><i class=\"icon-angle-down\" aria-hidden=\"true\"><\/i><\/button>\n\t\t\t<span>Was ist der Unterschied zwischen CBD und THC?<\/span>\n\t\t<\/a>\n\t\t<div id=\"accordion-1081624256-content\" class=\"accordion-inner\" aria-labelledby=\"accordion-1081624256-label\">\n\t\t\t\n\n\t<div id=\"text-3153449138\" class=\"text inter\">\n\t\t\n\n<p>THC kann einen Rauschzustand verursachen \u2013 CBD nicht. Beide sind Cannabinoide aus der Hanfpflanze.<\/p>\n\t\t\t<\/div>\n\t\n\n\t\t<\/div>\n\t<\/div>\n\t\n\t<div id=\"accordion-3427023520\" class=\"accordion-item\">\n\t\t<a id=\"accordion-3427023520-label\" class=\"accordion-title plain\" href=\"#accordion-item-ist-cbd-eu-legal?\" aria-expanded=\"false\" aria-controls=\"accordion-3427023520-content\">\n\t\t\t<button class=\"toggle\" aria-label=\"Umschalten\"><i class=\"icon-angle-down\" aria-hidden=\"true\"><\/i><\/button>\n\t\t\t<span>Ist CBD EU legal?<\/span>\n\t\t<\/a>\n\t\t<div id=\"accordion-3427023520-content\" class=\"accordion-inner\" aria-labelledby=\"accordion-3427023520-label\">\n\t\t\t\n\n\t<div id=\"text-2769791786\" class=\"text inter\">\n\t\t\n\n<p>Unsere Produkte bestehen aus legalem Hanf mit THC unterhalb der jeweiligen gesetzlichen Grenzwerte. Die Gesetze variieren je nach Land \u2013 bitte pr\u00fcfe die lokalen Vorschriften vor der Anwendung.<\/p>\n\t\t\t<\/div>\n\t\n\n\t\t<\/div>\n\t<\/div>\n\t\n\n<\/div>\n\t<div id=\"gap-185023683\" class=\"gap-element clearfix\" style=\"display:block; height:auto;\">\n\t\t\n<style>\n#gap-185023683 {\n  padding-top: 30px;\n}\n<\/style>\n\t<\/div>\n\t\n\n<h2><span class=\"ez-toc-section\" id=\"Produkte\"><\/span>Produkte<span class=\"ez-toc-section-end\"><\/span><\/h2>\n<div class=\"accordion smoky-accordion\">\n\n\t<div id=\"accordion-50917702\" class=\"accordion-item\">\n\t\t<a id=\"accordion-50917702-label\" class=\"accordion-title plain\" href=\"#accordion-item-was-macht-cbd-hanfbl\u00fcten-besonders?\" aria-expanded=\"false\" aria-controls=\"accordion-50917702-content\">\n\t\t\t<button class=\"toggle\" aria-label=\"Umschalten\"><i class=\"icon-angle-down\" aria-hidden=\"true\"><\/i><\/button>\n\t\t\t<span>Was macht CBD-Hanfbl\u00fcten besonders?<\/span>\n\t\t<\/a>\n\t\t<div id=\"accordion-50917702-content\" class=\"accordion-inner\" aria-labelledby=\"accordion-50917702-label\">\n\t\t\t\n\n\t<div id=\"text-1095103639\" class=\"text inter\">\n\t\t\n\n<p data-start=\"2154\" data-end=\"2398\">Toller Duft, sauberer Geschmack und ein pflanzenbasiertes Erlebnis. Indica-Sorten wirken beruhigend, Sativa-\u00e4hnliche Sorten bringen mehr Energie. Probiere verschiedene Sorten und finde deinen Favoriten.<\/p>\n<p data-start=\"2400\" data-end=\"2581\">\u00a0<\/p>\n\t\t\t<\/div>\n\t\n\n\t\t<\/div>\n\t<\/div>\n\t\n\t<div id=\"accordion-369652969\" class=\"accordion-item\">\n\t\t<a id=\"accordion-369652969-label\" class=\"accordion-title plain\" href=\"#accordion-item-sind-cbd-bl\u00fcten-legal?\" aria-expanded=\"false\" aria-controls=\"accordion-369652969-content\">\n\t\t\t<button class=\"toggle\" aria-label=\"Umschalten\"><i class=\"icon-angle-down\" aria-hidden=\"true\"><\/i><\/button>\n\t\t\t<span>Sind CBD-Bl\u00fcten legal?<\/span>\n\t\t<\/a>\n\t\t<div id=\"accordion-369652969-content\" class=\"accordion-inner\" aria-labelledby=\"accordion-369652969-label\">\n\t\t\t\n\n\t<div id=\"text-3475848519\" class=\"text inter\">\n\t\t\n\n<p>Unsere Bl\u00fcten stammen aus legalem Hanf und werden im Labor getestet, um den lokalen Vorgaben zu entsprechen. Wir verkaufen keine berauschenden Produkte.<\/p>\n\t\t\t<\/div>\n\t\n\n\t\t<\/div>\n\t<\/div>\n\t\n\t<div id=\"accordion-1743265332\" class=\"accordion-item\">\n\t\t<a id=\"accordion-1743265332-label\" class=\"accordion-title plain\" href=\"#accordion-item-wie-viel-kann-ich-t\u00e4glich-verwenden?\" aria-expanded=\"false\" aria-controls=\"accordion-1743265332-content\">\n\t\t\t<button class=\"toggle\" aria-label=\"Umschalten\"><i class=\"icon-angle-down\" aria-hidden=\"true\"><\/i><\/button>\n\t\t\t<span>Wie viel kann ich t\u00e4glich verwenden?<\/span>\n\t\t<\/a>\n\t\t<div id=\"accordion-1743265332-content\" class=\"accordion-inner\" aria-labelledby=\"accordion-1743265332-label\">\n\t\t\t\n\n\t<div id=\"text-4188049363\" class=\"text inter\">\n\t\t\n\n<p>Fang klein an, geh langsam vor. Jeder K\u00f6rper reagiert anders. Anf\u00e4nger beginnen mit niedrigen Dosen und passen sie bei Bedarf an. Bei Unsicherheit: Frag deinen Arzt.<\/p>\n\t\t\t<\/div>\n\t\n\n\t\t<\/div>\n\t<\/div>\n\t\n\t<div id=\"accordion-2966277703\" class=\"accordion-item\">\n\t\t<a id=\"accordion-2966277703-label\" class=\"accordion-title plain\" href=\"#accordion-item-kann-ich-cbd-w\u00e4hrend-der-schwangerschaft-oder-stillzeit-verwenden?\" aria-expanded=\"false\" aria-controls=\"accordion-2966277703-content\">\n\t\t\t<button class=\"toggle\" aria-label=\"Umschalten\"><i class=\"icon-angle-down\" aria-hidden=\"true\"><\/i><\/button>\n\t\t\t<span>Kann ich CBD w\u00e4hrend der Schwangerschaft oder Stillzeit verwenden?<\/span>\n\t\t<\/a>\n\t\t<div id=\"accordion-2966277703-content\" class=\"accordion-inner\" aria-labelledby=\"accordion-2966277703-label\">\n\t\t\t\n\n\t<div id=\"text-3617838544\" class=\"text inter\">\n\t\t\n\n<p>Wir raten davon ab. Bitte konsultiere vorher deinen Arzt.<\/p>\n\t\t\t<\/div>\n\t\n\n\t\t<\/div>\n\t<\/div>\n\t\n\t<div id=\"accordion-3870066051\" class=\"accordion-item\">\n\t\t<a id=\"accordion-3870066051-label\" class=\"accordion-title plain\" href=\"#accordion-item-wie-bewahre-ich-smokyhub-produkte-richtig-auf?\" aria-expanded=\"false\" aria-controls=\"accordion-3870066051-content\">\n\t\t\t<button class=\"toggle\" aria-label=\"Umschalten\"><i class=\"icon-angle-down\" aria-hidden=\"true\"><\/i><\/button>\n\t\t\t<span>Wie bewahre ich SmokyHub-Produkte richtig auf?<\/span>\n\t\t<\/a>\n\t\t<div id=\"accordion-3870066051-content\" class=\"accordion-inner\" aria-labelledby=\"accordion-3870066051-label\">\n\t\t\t\n\n\t<div id=\"text-690325547\" class=\"text inter\">\n\t\t\n\n<p>K\u00fchl, trocken und lichtgesch\u00fctzt lagern. Bei Fragen: <a class=\"decorated-link cursor-pointer\" rel=\"noopener\" data-start=\"3031\" data-end=\"3046\">hi@smokyhub.com<\/a><\/p>\n\t\t\t<\/div>\n\t\n\n\t\t<\/div>\n\t<\/div>\n\t\n\t<div id=\"accordion-1134598161\" class=\"accordion-item\">\n\t\t<a id=\"accordion-1134598161-label\" class=\"accordion-title plain\" href=\"#accordion-item-wie-lange-bleiben-die-bl\u00fcten-frisch?\" aria-expanded=\"false\" aria-controls=\"accordion-1134598161-content\">\n\t\t\t<button class=\"toggle\" aria-label=\"Umschalten\"><i class=\"icon-angle-down\" aria-hidden=\"true\"><\/i><\/button>\n\t\t\t<span>Wie lange bleiben die Bl\u00fcten frisch?<\/span>\n\t\t<\/a>\n\t\t<div id=\"accordion-1134598161-content\" class=\"accordion-inner\" aria-labelledby=\"accordion-1134598161-label\">\n\t\t\t\n\n\t<div id=\"text-2071090755\" class=\"text inter\">\n\t\t\n\n<p>Bei richtiger Lagerung (ohne Licht, Luftfeuchtigkeit und Hitze) etwa 6 Monate.<\/p>\n\t\t\t<\/div>\n\t\n\n\t\t<\/div>\n\t<\/div>\n\t\n\t<div id=\"accordion-2306910836\" class=\"accordion-item\">\n\t\t<a id=\"accordion-2306910836-label\" class=\"accordion-title plain\" href=\"#accordion-item-kann-ich-smokyhub-produkte-zusammen-mit-verschriebenen-medikamenten-einnehmen?\" aria-expanded=\"false\" aria-controls=\"accordion-2306910836-content\">\n\t\t\t<button class=\"toggle\" aria-label=\"Umschalten\"><i class=\"icon-angle-down\" aria-hidden=\"true\"><\/i><\/button>\n\t\t\t<span>Kann ich SmokyHub-Produkte zusammen mit verschriebenen Medikamenten einnehmen?<\/span>\n\t\t<\/a>\n\t\t<div id=\"accordion-2306910836-content\" class=\"accordion-inner\" aria-labelledby=\"accordion-2306910836-label\">\n\t\t\t\n\n\t<div id=\"text-2920810727\" class=\"text inter\">\n\t\t\n\n<p>Bitte sprich vorher mit deinem Arzt.<\/p>\n\t\t\t<\/div>\n\t\n\n\t\t<\/div>\n\t<\/div>\n\t\n\t<div id=\"accordion-2336815682\" class=\"accordion-item\">\n\t\t<a id=\"accordion-2336815682-label\" class=\"accordion-title plain\" href=\"#accordion-item-sind-smokyhub-produkte-vegan?\" aria-expanded=\"false\" aria-controls=\"accordion-2336815682-content\">\n\t\t\t<button class=\"toggle\" aria-label=\"Umschalten\"><i class=\"icon-angle-down\" aria-hidden=\"true\"><\/i><\/button>\n\t\t\t<span>Sind SmokyHub-Produkte vegan?<\/span>\n\t\t<\/a>\n\t\t<div id=\"accordion-2336815682-content\" class=\"accordion-inner\" aria-labelledby=\"accordion-2336815682-label\">\n\t\t\t\n\n\t<div id=\"text-3419392947\" class=\"text inter\">\n\t\t\n\n<p>Ja, alle unsere Produkte sind vegan-freundlich.<\/p>\n\t\t\t<\/div>\n\t\n\n\t\t<\/div>\n\t<\/div>\n\t\n\t<div id=\"accordion-3791343565\" class=\"accordion-item\">\n\t\t<a id=\"accordion-3791343565-label\" class=\"accordion-title plain\" href=\"#accordion-item-wo-finde-ich-das-analysezertifikat-(coa)?\" aria-expanded=\"false\" aria-controls=\"accordion-3791343565-content\">\n\t\t\t<button class=\"toggle\" aria-label=\"Umschalten\"><i class=\"icon-angle-down\" aria-hidden=\"true\"><\/i><\/button>\n\t\t\t<span>Wo finde ich das Analysezertifikat (COA)?<\/span>\n\t\t<\/a>\n\t\t<div id=\"accordion-3791343565-content\" class=\"accordion-inner\" aria-labelledby=\"accordion-3791343565-label\">\n\t\t\t\n\n\t<div id=\"text-4206553524\" class=\"text inter\">\n\t\t\n\n<p>Jedes Produkt hat ein eigenes COA. Gib die Chargennummer \u00fcber den Link auf der Produktseite ein oder kontaktiere uns unter <a class=\"decorated-link cursor-pointer\" rel=\"noopener\" data-start=\"3550\" data-end=\"3565\">hi@smokyhub.com<\/a>.<\/p>\n\t\t\t<\/div>\n\t\n\n\t\t<\/div>\n\t<\/div>\n\t\n\n<\/div>\n\t<div id=\"gap-473211631\" class=\"gap-element clearfix\" style=\"display:block; height:auto;\">\n\t\t\n<style>\n#gap-473211631 {\n  padding-top: 30px;\n}\n<\/style>\n\t<\/div>\n\t\n\n<h2><span class=\"ez-toc-section\" id=\"Bestellung\"><\/span>Bestellung<span class=\"ez-toc-section-end\"><\/span><\/h2>\n<div class=\"accordion smoky-accordion\">\n\n\t<div id=\"accordion-767994314\" class=\"accordion-item\">\n\t\t<a id=\"accordion-767994314-label\" class=\"accordion-title plain\" href=\"#accordion-item-wie-kann-ich-eine-bestellung-aufgeben?\" aria-expanded=\"false\" aria-controls=\"accordion-767994314-content\">\n\t\t\t<button class=\"toggle\" aria-label=\"Umschalten\"><i class=\"icon-angle-down\" aria-hidden=\"true\"><\/i><\/button>\n\t\t\t<span>Wie kann ich eine Bestellung aufgeben?<\/span>\n\t\t<\/a>\n\t\t<div id=\"accordion-767994314-content\" class=\"accordion-inner\" aria-labelledby=\"accordion-767994314-label\">\n\t\t\t\n\n\t<div id=\"text-457590\" class=\"text inter\">\n\t\t\n\n<p>W\u00e4hle einfach deine Lieblingsprodukte, lege sie in den Warenkorb und folge dem sicheren Checkout-Prozess. Bei Fragen: schreib uns an <strong data-start=\"509\" data-end=\"528\"><a class=\"decorated-link cursor-pointer\" rel=\"noopener\" data-start=\"511\" data-end=\"526\">hi@smokyhub.com<\/a><\/strong>.<\/p>\n\t\t\t<\/div>\n\t\n\n\t\t<\/div>\n\t<\/div>\n\t\n\t<div id=\"accordion-1393388667\" class=\"accordion-item\">\n\t\t<a id=\"accordion-1393388667-label\" class=\"accordion-title plain\" href=\"#accordion-item-kann-ich-meine-bestellung-nachtr\u00e4glich-\u00e4ndern-oder-stornieren?\" aria-expanded=\"false\" aria-controls=\"accordion-1393388667-content\">\n\t\t\t<button class=\"toggle\" aria-label=\"Umschalten\"><i class=\"icon-angle-down\" aria-hidden=\"true\"><\/i><\/button>\n\t\t\t<span>Kann ich meine Bestellung nachtr\u00e4glich \u00e4ndern oder stornieren?<\/span>\n\t\t<\/a>\n\t\t<div id=\"accordion-1393388667-content\" class=\"accordion-inner\" aria-labelledby=\"accordion-1393388667-label\">\n\t\t\t\n\n\t<div id=\"text-3014017664\" class=\"text inter\">\n\t\t\n\n<p>Wenn deine Bestellung noch nicht versendet wurde, kontaktiere uns bitte sofort. Wir geben unser Bestes, um \u00c4nderungen zu erm\u00f6glichen.<\/p>\n\t\t\t<\/div>\n\t\n\n\t\t<\/div>\n\t<\/div>\n\t\n\t<div id=\"accordion-203162226\" class=\"accordion-item\">\n\t\t<a id=\"accordion-203162226-label\" class=\"accordion-title plain\" href=\"#accordion-item-are-discount-codes-available?-gibt-es-rabattcodes?\" aria-expanded=\"false\" aria-controls=\"accordion-203162226-content\">\n\t\t\t<button class=\"toggle\" aria-label=\"Umschalten\"><i class=\"icon-angle-down\" aria-hidden=\"true\"><\/i><\/button>\n\t\t\t<span>Are discount codes available? Gibt es Rabattcodes?<\/span>\n\t\t<\/a>\n\t\t<div id=\"accordion-203162226-content\" class=\"accordion-inner\" aria-labelledby=\"accordion-203162226-label\">\n\t\t\t\n\n\t<div id=\"text-2062161923\" class=\"text inter\">\n\t\t\n\n<p>Ja \u2013 wir bieten regelm\u00e4\u00dfig Promo-Codes an. Diese sind im Warenkorb einl\u00f6sbar, aber nicht mit reduzierten Produkten kombinierbar.<\/p>\n\t\t\t<\/div>\n\t\n\n\t\t<\/div>\n\t<\/div>\n\t\n\t<div id=\"accordion-859013963\" class=\"accordion-item\">\n\t\t<a id=\"accordion-859013963-label\" class=\"accordion-title plain\" href=\"#accordion-item-kann-ich-ein-produkt-zur\u00fcckgeben?\" aria-expanded=\"false\" aria-controls=\"accordion-859013963-content\">\n\t\t\t<button class=\"toggle\" aria-label=\"Umschalten\"><i class=\"icon-angle-down\" aria-hidden=\"true\"><\/i><\/button>\n\t\t\t<span>Kann ich ein Produkt zur\u00fcckgeben?<\/span>\n\t\t<\/a>\n\t\t<div id=\"accordion-859013963-content\" class=\"accordion-inner\" aria-labelledby=\"accordion-859013963-label\">\n\t\t\t\n\n\t<div id=\"text-3319048889\" class=\"text inter\">\n\t\t\n\n<p>Nat\u00fcrlich \u2013 wenn das Produkt besch\u00e4digt ankommt oder ein Fehler unsererseits vorliegt, melde dich innerhalb von 8 Tagen nach Erhalt. Wir ersetzen es oder erstatten dir den Kaufpreis nach R\u00fccksendung.<\/p>\n\t\t\t<\/div>\n\t\n\n\t\t<\/div>\n\t<\/div>\n\t\n\n<\/div>\n\t<div id=\"gap-864371602\" class=\"gap-element clearfix\" style=\"display:block; height:auto;\">\n\t\t\n<style>\n#gap-864371602 {\n  padding-top: 30px;\n}\n<\/style>\n\t<\/div>\n\t\n\n<h2><span class=\"ez-toc-section\" id=\"Lieferung\"><\/span>Lieferung<span class=\"ez-toc-section-end\"><\/span><\/h2>\n<div class=\"accordion smoky-accordion\">\n\n\t<div id=\"accordion-3864398034\" class=\"accordion-item\">\n\t\t<a id=\"accordion-3864398034-label\" class=\"accordion-title plain\" href=\"#accordion-item-liefert-ihr-innerhalb-der-eu?\" aria-expanded=\"false\" aria-controls=\"accordion-3864398034-content\">\n\t\t\t<button class=\"toggle\" aria-label=\"Umschalten\"><i class=\"icon-angle-down\" aria-hidden=\"true\"><\/i><\/button>\n\t\t\t<span>Liefert ihr innerhalb der EU?<\/span>\n\t\t<\/a>\n\t\t<div id=\"accordion-3864398034-content\" class=\"accordion-inner\" aria-labelledby=\"accordion-3864398034-label\">\n\t\t\t\n\n\t<div id=\"text-2004002653\" class=\"text inter\">\n\t\t\n\n<p>Ja \u2013 wir liefern in alle EU-Mitgliedsstaaten. Die genaue Versandoption siehst du beim Checkout.<\/p>\n\t\t\t<\/div>\n\t\n\n\t\t<\/div>\n\t<\/div>\n\t\n\t<div id=\"accordion-1370378368\" class=\"accordion-item\">\n\t\t<a id=\"accordion-1370378368-label\" class=\"accordion-title plain\" href=\"#accordion-item-mit-welchen-versanddienstleistern-arbeitet-ihr?\" aria-expanded=\"false\" aria-controls=\"accordion-1370378368-content\">\n\t\t\t<button class=\"toggle\" aria-label=\"Umschalten\"><i class=\"icon-angle-down\" aria-hidden=\"true\"><\/i><\/button>\n\t\t\t<span>Mit welchen Versanddienstleistern arbeitet ihr?<\/span>\n\t\t<\/a>\n\t\t<div id=\"accordion-1370378368-content\" class=\"accordion-inner\" aria-labelledby=\"accordion-1370378368-label\">\n\t\t\t\n\n\t<div id=\"text-976509392\" class=\"text inter\">\n\t\t\n\n<p>Wir versenden mit <strong data-start=\"1577\" data-end=\"1584\">GLS<\/strong> und <strong data-start=\"1589\" data-end=\"1604\">DHL Express<\/strong> \u2013 inklusive Sendungsverfolgung.<\/p>\n\t\t\t<\/div>\n\t\n\n\t\t<\/div>\n\t<\/div>\n\t\n\t<div id=\"accordion-2206797032\" class=\"accordion-item\">\n\t\t<a id=\"accordion-2206797032-label\" class=\"accordion-title plain\" href=\"#accordion-item-kann-jemand-anderes-mein-paket-entgegennehmen?\" aria-expanded=\"false\" aria-controls=\"accordion-2206797032-content\">\n\t\t\t<button class=\"toggle\" aria-label=\"Umschalten\"><i class=\"icon-angle-down\" aria-hidden=\"true\"><\/i><\/button>\n\t\t\t<span>Kann jemand anderes mein Paket entgegennehmen?<\/span>\n\t\t<\/a>\n\t\t<div id=\"accordion-2206797032-content\" class=\"accordion-inner\" aria-labelledby=\"accordion-2206797032-label\">\n\t\t\t\n\n\t<div id=\"text-3981867205\" class=\"text inter\">\n\t\t\n\n<p>Ja \u2013 solange die Person \u00fcber 18 ist und an deiner Lieferadresse wohnt.<\/p>\n\t\t\t<\/div>\n\t\n\n\t\t<\/div>\n\t<\/div>\n\t\n\t<div id=\"accordion-4021755831\" class=\"accordion-item\">\n\t\t<a id=\"accordion-4021755831-label\" class=\"accordion-title plain\" href=\"#accordion-item-was-passiert,-wenn-ich-die-lieferung-verpasse?\" aria-expanded=\"false\" aria-controls=\"accordion-4021755831-content\">\n\t\t\t<button class=\"toggle\" aria-label=\"Umschalten\"><i class=\"icon-angle-down\" aria-hidden=\"true\"><\/i><\/button>\n\t\t\t<span>Was passiert, wenn ich die Lieferung verpasse?<\/span>\n\t\t<\/a>\n\t\t<div id=\"accordion-4021755831-content\" class=\"accordion-inner\" aria-labelledby=\"accordion-4021755831-label\">\n\t\t\t\n\n\t<div id=\"text-1365239243\" class=\"text inter\">\n\t\t\n\n<p>Das Paket wird meist 3\u20135 Tage aufbewahrt. Wird es nicht abgeholt, geht es an uns zur\u00fcck \u2013 du bekommst dann den Kaufbetrag zur\u00fcckerstattet.<\/p>\n\t\t\t<\/div>\n\t\n\n\t\t<\/div>\n\t<\/div>\n\t\n\n<\/div>\n\n\t\t<\/div>\n\t\t\t\t\t<\/div>\n\n\t\n\n<\/div>\n\n\t\t<\/div>\n\n\t\t\n<style>\n#section_1682835962 {\n  padding-top: 30px;\n  padding-bottom: 30px;\n  background-color: rgb(247, 240, 228);\n}\n<\/style>\n\t<\/section>\n\t\n\n\n","protected":false},"excerpt":{"rendered":"","protected":false},"author":1,"featured_media":0,"parent":0,"menu_order":0,"comment_status":"closed","ping_status":"closed","template":"page-blank.php","meta":{"_acf_changed":false,"footnotes":""},"class_list":["post-1944","page","type-page","status-publish","hentry"],"acf":[],"_links":{"self":[{"href":"https:\/\/www.smokyhub.com\/de\/wp-json\/wp\/v2\/pages\/1944","targetHints":{"allow":["GET"]}}],"collection":[{"href":"https:\/\/www.smokyhub.com\/de\/wp-json\/wp\/v2\/pages"}],"about":[{"href":"https:\/\/www.smokyhub.com\/de\/wp-json\/wp\/v2\/types\/page"}],"author":[{"embeddable":true,"href":"https:\/\/www.smokyhub.com\/de\/wp-json\/wp\/v2\/users\/1"}],"replies":[{"embeddable":true,"href":"https:\/\/www.smokyhub.com\/de\/wp-json\/wp\/v2\/comments?post=1944"}],"version-history":[{"count":3,"href":"https:\/\/www.smokyhub.com\/de\/wp-json\/wp\/v2\/pages\/1944\/revisions"}],"predecessor-version":[{"id":2032,"href":"https:\/\/www.smokyhub.com\/de\/wp-json\/wp\/v2\/pages\/1944\/revisions\/2032"}],"wp:attachment":[{"href":"https:\/\/www.smokyhub.com\/de\/wp-json\/wp\/v2\/media?parent=1944"}],"curies":[{"name":"wp","href":"https:\/\/api.w.org\/{rel}","templated":true}]}}