{"id":2039,"date":"2025-07-24T08:35:08","date_gmt":"2025-07-24T06:35:08","guid":{"rendered":"https:\/\/www.smokyhub.com\/piskotki\/"},"modified":"2025-12-16T18:20:18","modified_gmt":"2025-12-16T17:20:18","slug":"piskotki","status":"publish","type":"page","link":"https:\/\/www.smokyhub.com\/de\/piskotki\/","title":{"rendered":"Pi\u0161kotki"},"content":{"rendered":"\n\n\t<section class=\"section\" id=\"section_2030851568\">\n\t\t<div class=\"section-bg fill\" >\n\t\t\t\t\t\t\t\t\t\n\t\t\t\n\n\t\t<\/div>\n\n\t\t\n\n\t\t<div class=\"section-content relative\">\n\t\t\t\n\n<div class=\"row align-center\"  id=\"row-1573619296\">\n\n\n\t<div id=\"col-839227189\" class=\"col medium-8 small-12 large-8\"  >\n\t\t\t\t<div class=\"col-inner\"  >\n\t\t\t\n\t\t\t\n\n\t<div id=\"text-1887588270\" class=\"text alt-font\">\n\t\t\n\n<h1 class=\"uppercase mb-0\"><span class=\"ez-toc-section\" id=\"Piskotki\"><\/span>Pi\u0161kotki<span class=\"ez-toc-section-end\"><\/span><\/h1>\n\t\t\n<style>\n#text-1887588270 {\n  font-size: 1.5rem;\n  text-align: center;\n}\n@media (min-width:550px) {\n  #text-1887588270 {\n    font-size: 2.5rem;\n  }\n}\n<\/style>\n\t<\/div>\n\t\n\n\t\t<\/div>\n\t\t\t\t\t<\/div>\n\n\t\n\n<\/div>\n<div class=\"row\"  id=\"row-1581687008\">\n\n\n\t<div id=\"col-130743223\" class=\"col small-12 large-12\"  >\n\t\t\t\t<div class=\"col-inner\"  >\n\t\t\t\n\t\t\t\n\n\t<div id=\"text-1147688681\" class=\"text inter\">\n\t\t\n\n<p>Podjetje<strong>\u00a0AGROSLOVEN z.o.o.\u00a0<\/strong>spo\u0161tuje in \u0161\u010diti va\u0161o zasebnost.\u00a0<a href=\"https:\/\/www.smokyhub.com\/politika-zasebnosti\/\">Tukaj<\/a>\u00a0si lahko preberite, kako ravnamo z va\u0161imi osebnimi podatki.<\/p>\n<p>Ta politika uporabe pi\u0161kotkov opisuje obdelavo podatkov, ki nam jih zagotavljajo pi\u0161kotki in pi\u0161kotkom podobne tehnologije. Ta politika je skladna s Splo\u0161no uredbo o varstvu podatkov EU in lokalno zakonodajo.<\/p>\n<h2><span class=\"ez-toc-section\" id=\"O_Piskotkih\"><\/span><strong>O Pi\u0161kotkih<\/strong><span class=\"ez-toc-section-end\"><\/span><\/h2>\n<h3><strong>Kaj so pi\u0161kotki in zakaj so potrebni?<\/strong><\/h3>\n<p>Pi\u0161kotek je kratko besedilo, ki ga spletna stran ob va\u0161em obisku po\u0161lje brskalniku. Tako vas spletna stran prepozna, si z njim zapomni podatke o va\u0161em obisku in vam omogo\u010di prijazno ter enostavnej\u0161o spletno storitev. S pomo\u010djo pi\u0161kotkov prilagajamo vsebino na na\u0161i spletni strani, si zapomnimo va\u0161e preference in bele\u017eimo obisk na\u0161e spletne trgovine. Brskanje po na\u0161i spletni trgovini je s pi\u0161kotki prijetnej\u0161e, hitrej\u0161e in predvsem u\u010dinkovitej\u0161e.<\/p>\n<h3><strong>Pi\u0161kotki, ki jih uporabljamo<\/strong><\/h3>\n<p>Na na\u0161i spletni strani uporabljamo razli\u010dne kategorije pi\u0161kotkov, ki jih delimo na:<\/p>\n<ul class=\"wp-block-list\">\n<li>nujne pi\u0161kotke<\/li>\n<li>funkcionalne pi\u0161kotke in<\/li>\n<li>oglasne ali marketin\u0161ke pi\u0161kotke.<\/li>\n<\/ul>\n<p><strong>Nujni pi\u0161kotki<\/strong>\u00a0so pi\u0161kotki, brez katerih na\u0161a spletna stran ne deluje. Te pi\u0161kotki se avtomati\u010dno namestijo na va\u0161o napravo in jih ni mogo\u010de izklopiti. Nujni pi\u0161kotki vas ne morejo identificirati in skrbijo zgolj za pravilno prikazovanje spletne strani.<\/p>\n<p><strong>Funkcionalni pi\u0161kotki<\/strong>\u00a0so pi\u0161kotki, ki omogo\u010dajo razne funkcije na\u0161e spletne strani, kot je npr. nastavitev jezika, ohranjanje ko\u0161arice, ipd. Te pi\u0161kotke bomo namestili le ob va\u0161em predhodnem soglasju.<\/p>\n<p><strong>Marketin\u0161ki pi\u0161kotki<\/strong>\u00a0se uporabljajo za izvajanje prilagojenega ogla\u0161evanja. Ti pi\u0161kotki na podlagi podatkov ustvarijo va\u0161 profil, na podlagi katerega se vam prikazujejo oglasi, ki so za vas zanimivi. Te pi\u0161kotke bomo namestili le ob va\u0161em soglasju. Opozarjamo vas, da zavrnitev uporabe pi\u0161kotkov ne bo prepre\u010dila prikazovanja oglasov na spletnih straneh, saj boste oglase \u0161e vedno dobivali; oglasi, ki jih boste videli pa ne bodo prilagojeni va\u0161im interesom.<\/p>\n<h3><strong>Urejanje nastavitev pi\u0161kotkov<\/strong><\/h3>\n<p>Vi odlo\u010dite, ali boste dovolili shranjevanje pi\u0161kotkov na va\u0161i napravi.<\/p>\n<p>Nastavitve pi\u0161kotkov lahko kadarkoli spremenite, v pasici na dnu spletne strani \u02ddUpravljanje s pi\u0161kotki\u02dd.<\/p>\n<p>Ko obi\u0161\u010dete na\u0161e spletno mesto, bodo avtomati\u010dno name\u0161\u010deni zgolj nujni pi\u0161kotki. Preferen\u010dne in marketin\u0161ke pi\u0161kotke pa bomo namestili zgolj na podlagi va\u0161ega soglasja.<\/p>\n<h3><strong>Kako podam soglasje?<\/strong><\/h3>\n<p>Ko boste na\u0161o stran obiskali prvi\u010d, se vam bo odprlo pojavno okno, kjer boste lahko izbrali ustrezne nastavitve pi\u0161kotkov. Nastavitve lahko spremenite tako da kliknete na pasico \u02ddupravljanje pi\u0161kotkov\u02dd na dnu na\u0161ega spletnega mesta. Odprlo se bo pojavno okno, kjer boste lahko uredili nastavitve pi\u0161kotkov.<\/p>\n<p>\u010ce ste na\u0161o stran \u017ee obiskali in pi\u0161kotke potrdili, lahko nastavitve spreminjate tukaj:\u00a0<a>Upravljanje s pi\u0161kotki<\/a><\/p>\n<p>Opozarjamo vas, da zavrnitev oglasnih pi\u0161kotkov ne bo prepre\u010dila prikazovanja oglasov, saj boste \u0161e vedno videli enako \u0161tevilo oglasov kot \u010de bi oglasne pi\u0161kotke sprejeli. Zavrnitev oglasnih pi\u0161kotkov, bo povzro\u010dila le to, da boste videvali splo\u0161ne generalizirane oglase, ne pa oglasov, ki bi bili prilagojeni va\u0161im \u017eeljam in potrebam.<\/p>\n<p>Nastavitve za pi\u0161kotke lahko nadzirate in spreminjate v tudi va\u0161em spletnem brskalniku.<\/p>\n<p>Za informacije o nastavitvah za pi\u0161kotke izberite spletni brskalnik, ki ga uporabljate.<\/p>\n<p>\u2022\u00a0<a href=\"https:\/\/www.google.com\/url?q=https:\/\/support.google.com\/chrome\/answer\/95647?co%3DGENIE.Platform%253DDesktop%26hl%3Den&amp;sa=D&amp;ust=1597145549770000&amp;usg=AOvVaw0MViBCKf6xX2VlYKRRCV8i\" target=\"_blank\" rel=\"noopener\">Chrome<\/a><br \/><br \/>\u2022\u00a0<a href=\"https:\/\/www.google.com\/url?q=https:\/\/support.mozilla.org\/en-US\/kb\/clear-cookies-and-site-data-firefox&amp;sa=D&amp;ust=1597145549770000&amp;usg=AOvVaw3sv6I8LOLg8EdndPWDfzQw\" target=\"_blank\" rel=\"noopener\">Firefox<\/a><\/p>\n<p>\u2022\u00a0<a href=\"https:\/\/www.google.com\/url?q=https:\/\/support.microsoft.com\/en-us\/help\/17442\/windows-internet-explorer-delete-manage-cookies&amp;sa=D&amp;ust=1597145549771000&amp;usg=AOvVaw1E-xSaA45CeVZCOWN5Vx7k\" target=\"_blank\" rel=\"noopener\">Internet Explorer<\/a>\u00a0<\/p>\n<p>\u2022\u00a0<a href=\"https:\/\/www.google.com\/url?q=https:\/\/support.apple.com\/sl-si\/guide\/safari\/sfri11471\/mac&amp;sa=D&amp;ust=1597145549772000&amp;usg=AOvVaw3fZYyoj-OkAXLBywbKHT6n\" target=\"_blank\" rel=\"noopener\">Safari<\/a><\/p>\n<p>\u2022\u00a0<a href=\"https:\/\/www.google.com\/url?q=https:\/\/blogs.opera.com\/news\/2015\/08\/how-to-manage-cookies-in-opera\/&amp;sa=D&amp;ust=1597145549772000&amp;usg=AOvVaw2UJxTvfWyPCsNt6aDcQZ0S\" target=\"_blank\" rel=\"noopener\">Opera<\/a><\/p>\n<p>\u010ce spremenite ali izbri\u0161ete brskalnikovo datoteko s pi\u0161kotki, spremenite ali nagradite va\u0161 brskalnik ali napravo, boste morda morali ponovno onemogo\u010diti pi\u0161kotke. Postopek za upravljanje in brisanje pi\u0161kotkov se razlikuje od brskalnika do brskalnika. \u010ce pri tem potrebujete pomo\u010d, lahko pogledate v brskalnikovi pomo\u010di uporabnikom.<\/p>\n<p>Sledenju Google Analytics lahko onemogo\u010dite tudi na naslednji povezavi\u00a0<a href=\"https:\/\/www.google.com\/url?q=https:\/\/marketingplatform.google.com\/about\/&amp;sa=D&amp;ust=1597145549773000&amp;usg=AOvVaw1SMasXfKCtM5wMh6sFdbbV\" target=\"_blank\" rel=\"noopener\">https:\/\/marketingplatform.google.com\/about\/<\/a>.<\/p>\n<p>Ve\u010d o pi\u0161kotkih si lahko preberete na:\u00a0<a href=\"https:\/\/www.google.com\/url?q=http:\/\/youronlinechoices.com\/&amp;sa=D&amp;ust=1597145549773000&amp;usg=AOvVaw2UHYZVDw4TNv2N0DN2qbE7\" target=\"_blank\" rel=\"noopener\">http:\/\/youronlinechoices.com\/<\/a>.<\/p>\n<h3><strong>Nameni, za katere se uporabljajo pi\u0161kotki na na\u0161em spletnem mestu<\/strong><\/h3>\n<p>Pi\u0161kotki se na na\u0161em spletnem mestu uporabljajo v razli\u010dne namene in sicer:<\/p>\n<ul class=\"wp-block-list\">\n<li>prepoznavanje uporabnika ob naslednjem obisku,<\/li>\n<li>ohranitev ocen artiklov, ki ste jih podali,<\/li>\n<li>analize spletnega mesta,<\/li>\n<li>zagotavljanje varnosti spletnega mesta<\/li>\n<li>sejni pi\u0161kotek za spremljanje in ohranjanje nakupovalne ko\u0161arice,<\/li>\n<li>pi\u0161kotek za po\u0161iljanje sporo\u010dila o nedokon\u010danem nakupu,<\/li>\n<li>delovanje video vsebin,<\/li>\n<li>delovanje klepeta na strani in<\/li>\n<li>ogla\u0161evanje.<\/li>\n<\/ul>\n<h3><strong>Pravice, ki jih imate glede obdelave osebnih podatkov z uporabo pi\u0161kotkov<\/strong><\/h3>\n<p>Poleg urejanja nastavitev pi\u0161kotkov, kot opredeljeno zgoraj, imate mo\u017enost uveljavljati pravice, ki vam pripadajo v zvezi z obdelavo osebnih podatkov. Te pravice so podrobneje opredeljene\u00a0v na\u0161i <a href=\"https:\/\/www.smokyhub.com\/politika-zasebnosti\/\">politiki zasebnosti<\/a>.<\/p>\n<h2><span class=\"ez-toc-section\" id=\"Spremembe_in_kontakt\"><\/span><strong>Spremembe<\/strong>\u00a0<strong>in kontakt<\/strong><span class=\"ez-toc-section-end\"><\/span><\/h2>\n<p>Ta politika pi\u0161kotkov se lahko kadarkoli spremeni. Posodobljena verzija bo objavljena na:\u00a0<a href=\"https:\/\/smokyhub.com\/piskotki\" target=\"_blank\" rel=\"noopener\">https:\/\/smokyhub.com\/<\/a>.<\/p>\n<p>\u010ce imate kakr\u0161nakoli vpra\u0161anja ali potrebujete nadaljnje informacije o pi\u0161kotkih ali obdelavi osebnih podatkov, nas kontaktirajte na\u00a0<a href=\"mailto:info@smokyhub.com\">info@smokyhub.com<\/a>. \u00a0<\/p>\n\t\t\t<\/div>\n\t\n\n\t\t<\/div>\n\t\t\t\t\t<\/div>\n\n\t\n\n<\/div>\n\n\t\t<\/div>\n\n\t\t\n<style>\n#section_2030851568 {\n  padding-top: 0px;\n  padding-bottom: 0px;\n}\n<\/style>\n\t<\/section>\n\t\n\n","protected":false},"excerpt":{"rendered":"","protected":false},"author":1,"featured_media":0,"parent":0,"menu_order":0,"comment_status":"closed","ping_status":"closed","template":"","meta":{"_acf_changed":false,"footnotes":""},"class_list":["post-2039","page","type-page","status-publish","hentry"],"acf":[],"_links":{"self":[{"href":"https:\/\/www.smokyhub.com\/de\/wp-json\/wp\/v2\/pages\/2039","targetHints":{"allow":["GET"]}}],"collection":[{"href":"https:\/\/www.smokyhub.com\/de\/wp-json\/wp\/v2\/pages"}],"about":[{"href":"https:\/\/www.smokyhub.com\/de\/wp-json\/wp\/v2\/types\/page"}],"author":[{"embeddable":true,"href":"https:\/\/www.smokyhub.com\/de\/wp-json\/wp\/v2\/users\/1"}],"replies":[{"embeddable":true,"href":"https:\/\/www.smokyhub.com\/de\/wp-json\/wp\/v2\/comments?post=2039"}],"version-history":[{"count":2,"href":"https:\/\/www.smokyhub.com\/de\/wp-json\/wp\/v2\/pages\/2039\/revisions"}],"predecessor-version":[{"id":2120,"href":"https:\/\/www.smokyhub.com\/de\/wp-json\/wp\/v2\/pages\/2039\/revisions\/2120"}],"wp:attachment":[{"href":"https:\/\/www.smokyhub.com\/de\/wp-json\/wp\/v2\/media?parent=2039"}],"curies":[{"name":"wp","href":"https:\/\/api.w.org\/{rel}","templated":true}]}}