{"id":2047,"date":"2025-07-25T15:10:02","date_gmt":"2025-07-25T13:10:02","guid":{"rendered":"https:\/\/www.smokyhub.com\/smokyhub-sl\/"},"modified":"2025-11-19T10:24:13","modified_gmt":"2025-11-19T09:24:13","slug":"smokyhub-sl","status":"publish","type":"page","link":"https:\/\/www.smokyhub.com\/de\/smokyhub-sl\/","title":{"rendered":"Smokyhub SL"},"content":{"rendered":"\n\t\t<div class=\"hidden\">\n\t\t\t\t\n\n<!-- Meta Pixel Code -->\n<script>\n!function(f,b,e,v,n,t,s)\n{if(f.fbq)return;n=f.fbq=function(){n.callMethod?\nn.callMethod.apply(n,arguments):n.queue.push(arguments)};\nif(!f._fbq)f._fbq=n;n.push=n;n.loaded=!0;n.version='2.0';\nn.queue=[];t=b.createElement(e);t.async=!0;\nt.src=v;s=b.getElementsByTagName(e)[0];\ns.parentNode.insertBefore(t,s)}(window, document,'script',\n'https:\/\/connect.facebook.net\/en_US\/fbevents.js');\nfbq('init', '1798867944317109');\nfbq('track', 'PageView');\n<\/script>\n<noscript><img loading=\"lazy\" decoding=\"async\" height=\"1\" width=\"1\" style=\"display:none\" src=\"https:\/\/www.facebook.com\/tr?id=1798867944317109&amp;ev=PageView&amp;noscript=1\" alt=\"\"><\/noscript>\n<!-- End Meta Pixel Code -->\n\t\t<\/div>\n\t\n\n\t<section class=\"section\" id=\"section_1688166819\">\n\t\t<div class=\"section-bg fill\" >\n\t\t\t\t\t\t\t\t\t\n\t\t\t\n\n\t\t<\/div>\n\n\t\t\n\n\t\t<div class=\"section-content relative\">\n\t\t\t\n\n<div class=\"row align-center\"  id=\"row-424104782\">\n\n\n\t<div id=\"col-1464522828\" class=\"col medium-8 small-12 large-8\"  >\n\t\t\t\t<div class=\"col-inner\"  >\n\t\t\t\n\t\t\t\n\n<div class=\"row row-collapse\"  id=\"row-519687190\">\n\n\n\t<div id=\"col-858464903\" class=\"col medium-4 small-12 large-4\"  >\n\t\t\t\t<div class=\"col-inner text-center\"  >\n\t\t\t\n\t\t\t\n\n\t<div class=\"img has-hover x md-x lg-x y md-y lg-y\" id=\"image_609210742\">\n\t\t\t\t\t\t\t\t<div class=\"img-inner dark\" >\n\t\t\t<img loading=\"lazy\" decoding=\"async\" width=\"1251\" height=\"1251\" src=\"https:\/\/www.smokyhub.com\/wp-content\/uploads\/2024\/07\/bob-mellow.png\" class=\"attachment-original size-original\" alt=\"\" srcset=\"https:\/\/www.smokyhub.com\/wp-content\/uploads\/2024\/07\/bob-mellow.png 1251w, https:\/\/www.smokyhub.com\/wp-content\/uploads\/2024\/07\/bob-mellow-300x300.png 300w, https:\/\/www.smokyhub.com\/wp-content\/uploads\/2024\/07\/bob-mellow-1024x1024.png 1024w, https:\/\/www.smokyhub.com\/wp-content\/uploads\/2024\/07\/bob-mellow-150x150.png 150w, https:\/\/www.smokyhub.com\/wp-content\/uploads\/2024\/07\/bob-mellow-768x768.png 768w, https:\/\/www.smokyhub.com\/wp-content\/uploads\/2024\/07\/bob-mellow-400x400.png 400w, https:\/\/www.smokyhub.com\/wp-content\/uploads\/2024\/07\/bob-mellow-800x800.png 800w, https:\/\/www.smokyhub.com\/wp-content\/uploads\/2024\/07\/bob-mellow-100x100.png 100w\" sizes=\"auto, (max-width: 1251px) 100vw, 1251px\">\t\t\t\t\t\t\n\t\t\t\t\t<\/div>\n\t\t\t\t\t\t\t\t\n<style>\n#image_609210742 {\n  width: 100%;\n}\n<\/style>\n\t<\/div>\n\t\n\n\n\t\t<\/div>\n\t\t\t\t\t<\/div>\n\n\t\n\n\t<div id=\"col-1676065726\" class=\"col medium-8 small-12 large-8\"  >\n\t\t\t\t<div class=\"col-inner\"  >\n\t\t\t\n\t\t\t\n\n\t<div id=\"text-387366372\" class=\"text mb-0 inter\">\n\t\t\n\n<p><strong>Dobrodo\u0161li v SmokyHubu<\/strong><\/p>\n\t\t\n<style>\n#text-387366372 {\n  font-size: 1.5rem;\n}\n@media (min-width:550px) {\n  #text-387366372 {\n    font-size: 2rem;\n  }\n}\n<\/style>\n\t<\/div>\n\t\n\t<div id=\"text-722752130\" class=\"text inter mb-0\">\n\t\t\n\n<p>Dom <strong>prave<\/strong> konopljine energije<\/p>\n\t\t\n<style>\n#text-722752130 {\n  font-size: 1.3rem;\n}\n@media (min-width:550px) {\n  #text-722752130 {\n    font-size: 1.5rem;\n  }\n}\n<\/style>\n\t<\/div>\n\t\n\t<div id=\"gap-1754556127\" class=\"gap-element clearfix\" style=\"display:block; height:auto;\">\n\t\t\n<style>\n#gap-1754556127 {\n  padding-top: 1em;\n}\n<\/style>\n\t<\/div>\n\t\n\n\t<div id=\"text-3940271702\" class=\"text inter\">\n\t\t\n\n<p>100 % legalni konopljini cofki s CBD-jem, dostava po vsej Evropi.<\/p>\n\t\t\n<style>\n#text-3940271702 {\n  font-size: 1rem;\n}\n@media (min-width:550px) {\n  #text-3940271702 {\n    font-size: 1.3rem;\n  }\n}\n<\/style>\n\t<\/div>\n\t\n<a href=\"https:\/\/www.smokyhub.com\/trgovina\/\" class=\"button primary is-xlarge lowercase inter custom-button\" style=\"border-radius:99px;padding:0px 20px 0px 20px;\">\n\t\t<span>Kupi zdaj<\/span>\n\t<\/a>\n\n\n\t<div id=\"text-4051155588\" class=\"text mb-0\">\n\t\t\n\n<p>BREZPLA\u010cNA PO\u0160TNINA NAD 19 EUR V VSE DR\u017dAVE EU, DISKRETNA DOSTAVA<\/p>\n\t\t\n<style>\n#text-4051155588 {\n  font-size: 2rem;\n  line-height: 1;\n  color: rgb(203, 98, 50);\n}\n#text-4051155588 > * {\n  color: rgb(203, 98, 50);\n}\n<\/style>\n\t<\/div>\n\t\n\n\t\t<\/div>\n\t\t\t\t\n<style>\n#col-1676065726 > .col-inner {\n  padding: 0px 15px 0px 15px;\n}\n<\/style>\n\t<\/div>\n\n\t\n\n\n<style>\n#row-519687190 > .col > .col-inner {\n  padding: 30px 15px 30px 15px;\n}\n@media (min-width:550px) {\n  #row-519687190 > .col > .col-inner {\n    padding: 30px 0px 30px 0px;\n  }\n}\n<\/style>\n<\/div>\n\n\t\t<\/div>\n\t\t\t\t\t<\/div>\n\n\t\n\n\n<style>\n#row-424104782 > .col > .col-inner {\n  background-color: rgb(195, 228, 237);\n  border-radius: 20px;\n}\n<\/style>\n<\/div>\n<div class=\"row align-center\"  id=\"row-1262028093\">\n\n\n\t<div id=\"col-22216861\" class=\"col medium-8 small-12 large-8\"  >\n\t\t\t\t<div class=\"col-inner\"  >\n\t\t\t\n\t<div class=\"is-border\"\n\t\tstyle=\"border-color:rgb(0, 0, 0);border-radius:20px;border-width:2px 2px 2px 2px;margin:0px 0px 0px 0px;\">\n\t<\/div>\n\t\t\t\n\n\t<div id=\"text-3989638013\" class=\"text mb-0 inter\">\n\t\t\n\n<p><strong>Kaj je SmokyHub?<\/strong><\/p>\n\t\t\n<style>\n#text-3989638013 {\n  font-size: 1.5rem;\n}\n@media (min-width:550px) {\n  #text-3989638013 {\n    font-size: 2rem;\n  }\n}\n<\/style>\n\t<\/div>\n\t\n\t<div id=\"text-2542875901\" class=\"text inter\">\n\t\t\n\n<p>SmokyHub je va\u0161a lifestyle destinacija, ki jo poganjajo drzne vibracije, aromati\u010dni cofki in tri sorte:<\/p>\n\t\t\n<style>\n#text-2542875901 {\n  font-size: 1rem;\n}\n@media (min-width:550px) {\n  #text-2542875901 {\n    font-size: 1.2rem;\n  }\n}\n<\/style>\n\t<\/div>\n\t\n<div class=\"row\"  id=\"row-82942744\">\n\n\n\t<div id=\"col-1766085775\" class=\"col medium-4 small-12 large-4\"  >\n\t\t\t\t<div class=\"col-inner text-center\"  >\n\t\t\t\n\t<div class=\"is-border\"\n\t\tstyle=\"border-color:rgb(0, 0, 0);border-width:0px 2px 0px 0px;\">\n\t<\/div>\n\t\t\t\n\n\n\t\t<div class=\"icon-box featured-box middle icon-box-left text-left\"  >\n\t\t\t\t\t<div class=\"icon-box-img\" style=\"width: 100px\">\n\t\t\t\t<div class=\"icon\">\n\t\t\t\t\t<div class=\"icon-inner\" >\n\t\t\t\t\t\t<img loading=\"lazy\" decoding=\"async\" width=\"300\" height=\"300\" src=\"https:\/\/www.smokyhub.com\/wp-content\/uploads\/2024\/11\/carry-lift-2-300x300.png\" class=\"attachment-medium size-medium\" alt=\"\" srcset=\"https:\/\/www.smokyhub.com\/wp-content\/uploads\/2024\/11\/carry-lift-2-300x300.png 300w, https:\/\/www.smokyhub.com\/wp-content\/uploads\/2024\/11\/carry-lift-2-150x150.png 150w, https:\/\/www.smokyhub.com\/wp-content\/uploads\/2024\/11\/carry-lift-2-400x400.png 400w, https:\/\/www.smokyhub.com\/wp-content\/uploads\/2024\/11\/carry-lift-2-100x100.png 100w, https:\/\/www.smokyhub.com\/wp-content\/uploads\/2024\/11\/carry-lift-2.png 512w\" sizes=\"auto, (max-width: 300px) 100vw, 300px\">\t\t\t\t\t<\/div>\n\t\t\t\t<\/div>\n\t\t\t<\/div>\n\t\t\t\t<div class=\"icon-box-text last-reset\">\n\t\t\t\t\t\t\t\t\t\n\n<p>Carry Lift<br>za energijo + dvig<\/p>\n\n\t\t<\/div>\n\t<\/div>\n\t\n\t\n\n\t\t<\/div>\n\t\t\t\t\t<\/div>\n\n\t\n\n\t<div id=\"col-613513744\" class=\"col medium-4 small-12 large-4\"  >\n\t\t\t\t<div class=\"col-inner text-center\"  >\n\t\t\t\n\t<div class=\"is-border\"\n\t\tstyle=\"border-color:rgb(0, 0, 0);border-width:0px 2px 0px 0px;\">\n\t<\/div>\n\t\t\t\n\n\n\t\t<div class=\"icon-box featured-box middle icon-box-left text-left\"  >\n\t\t\t\t\t<div class=\"icon-box-img\" style=\"width: 100px\">\n\t\t\t\t<div class=\"icon\">\n\t\t\t\t\t<div class=\"icon-inner\" >\n\t\t\t\t\t\t<img loading=\"lazy\" decoding=\"async\" width=\"300\" height=\"300\" src=\"https:\/\/www.smokyhub.com\/wp-content\/uploads\/2024\/11\/sleepyjoe_cofki-300x300.png\" class=\"attachment-medium size-medium\" alt=\"\" srcset=\"https:\/\/www.smokyhub.com\/wp-content\/uploads\/2024\/11\/sleepyjoe_cofki-300x300.png 300w, https:\/\/www.smokyhub.com\/wp-content\/uploads\/2024\/11\/sleepyjoe_cofki-150x150.png 150w, https:\/\/www.smokyhub.com\/wp-content\/uploads\/2024\/11\/sleepyjoe_cofki-400x400.png 400w, https:\/\/www.smokyhub.com\/wp-content\/uploads\/2024\/11\/sleepyjoe_cofki-100x100.png 100w, https:\/\/www.smokyhub.com\/wp-content\/uploads\/2024\/11\/sleepyjoe_cofki.png 512w\" sizes=\"auto, (max-width: 300px) 100vw, 300px\">\t\t\t\t\t<\/div>\n\t\t\t\t<\/div>\n\t\t\t<\/div>\n\t\t\t\t<div class=\"icon-box-text last-reset\">\n\t\t\t\t\t\t\t\t\t\n\n<p>Sleepy Joe<br>za globok po\u010ditek<\/p>\n\n\t\t<\/div>\n\t<\/div>\n\t\n\t\n\n\t\t<\/div>\n\t\t\t\t\t<\/div>\n\n\t\n\n\t<div id=\"col-870337024\" class=\"col medium-4 small-12 large-4\"  >\n\t\t\t\t<div class=\"col-inner text-center\"  >\n\t\t\t\n\t\t\t\n\n\n\t\t<div class=\"icon-box featured-box middle icon-box-left text-left\"  >\n\t\t\t\t\t<div class=\"icon-box-img\" style=\"width: 100px\">\n\t\t\t\t<div class=\"icon\">\n\t\t\t\t\t<div class=\"icon-inner\" >\n\t\t\t\t\t\t<img loading=\"lazy\" decoding=\"async\" width=\"300\" height=\"300\" src=\"https:\/\/www.smokyhub.com\/wp-content\/uploads\/2024\/11\/bobmellow_cofki-300x300.png\" class=\"attachment-medium size-medium\" alt=\"\" srcset=\"https:\/\/www.smokyhub.com\/wp-content\/uploads\/2024\/11\/bobmellow_cofki-300x300.png 300w, https:\/\/www.smokyhub.com\/wp-content\/uploads\/2024\/11\/bobmellow_cofki-150x150.png 150w, https:\/\/www.smokyhub.com\/wp-content\/uploads\/2024\/11\/bobmellow_cofki-400x400.png 400w, https:\/\/www.smokyhub.com\/wp-content\/uploads\/2024\/11\/bobmellow_cofki-100x100.png 100w, https:\/\/www.smokyhub.com\/wp-content\/uploads\/2024\/11\/bobmellow_cofki.png 512w\" sizes=\"auto, (max-width: 300px) 100vw, 300px\">\t\t\t\t\t<\/div>\n\t\t\t\t<\/div>\n\t\t\t<\/div>\n\t\t\t\t<div class=\"icon-box-text last-reset\">\n\t\t\t\t\t\t\t\t\t\n\n<p>Bob Mellow<br>za popolno sprostitev<\/p>\n\n\t\t<\/div>\n\t<\/div>\n\t\n\t\n\n\t\t<\/div>\n\t\t\t\t\t<\/div>\n\n\t\n\n<\/div>\n\t<div id=\"text-1040917306\" class=\"text inter mb-0\">\n\t\t\n\n<p>Vsi na\u0161i izdelki so laboratorijsko testirani, skladni z zakonodajo EU in pridelani z ljubeznijo.<\/p>\n\t\t\n<style>\n#text-1040917306 {\n  font-size: 1.2rem;\n}\n<\/style>\n\t<\/div>\n\t\n\n\t\t<\/div>\n\t\t\t\t\n<style>\n#col-22216861 > .col-inner {\n  padding: 20px 20px 20px 20px;\n}\n<\/style>\n\t<\/div>\n\n\t\n\n\t<div id=\"col-1773406914\" class=\"col medium-8 small-12 large-8\"  >\n\t\t\t\t<div class=\"col-inner text-left\"  >\n\t\t\t\n\t<div class=\"is-border\"\n\t\tstyle=\"border-color:rgb(0, 0, 0);border-radius:20px;border-width:2px 2px 2px 2px;margin:0px 0px 0px 0px;\">\n\t<\/div>\n\t\t\t\n\n\t<div id=\"text-48312931\" class=\"text mb-0 inter\">\n\t\t\n\n<p><strong>Kam po\u0161iljamo &amp; pravne informacije \ud83d\ude9a<\/strong><\/p>\n\t\t\n<style>\n#text-48312931 {\n  font-size: 1.5rem;\n}\n@media (min-width:550px) {\n  #text-48312931 {\n    font-size: 2rem;\n  }\n}\n<\/style>\n\t<\/div>\n\t\n\t<div id=\"text-1208794549\" class=\"text mb-0\">\n\t\t\n\n<p>\ud83c\udde6\ud83c\uddf9 \ud83c\udde7\ud83c\uddea \ud83c\udde7\ud83c\uddfe \ud83c\udde7\ud83c\uddec \ud83c\udde8\ud83c\uddfe \ud83c\udde9\ud83c\uddf0 \ud83c\uddea\ud83c\uddea \ud83c\uddeb\ud83c\uddee \ud83c\uddeb\ud83c\uddf7 \ud83c\uddec\ud83c\uddf7 \ud83c\udded\ud83c\uddf7 \ud83c\uddee\ud83c\uddf9 \ud83c\uddf1\ud83c\uddfb \ud83c\uddf1\ud83c\uddf9 \ud83c\uddf1\ud83c\uddfa \ud83c\udded\ud83c\uddfa \ud83c\uddf2\ud83c\uddf9 \ud83c\udde9\ud83c\uddea \ud83c\uddf3\ud83c\uddf1 \ud83c\uddf3\ud83c\uddf4 \ud83c\uddf5\ud83c\uddf1 \ud83c\uddf5\ud83c\uddf9 \ud83c\uddf7\ud83c\uddf4 \ud83c\uddf8\ud83c\uddf2 \ud83c\uddf8\ud83c\uddf0 \ud83c\uddf8\ud83c\uddee \ud83c\udde8\ud83c\uddff \ud83c\uddf2\ud83c\uddea \ud83c\uddea\ud83c\uddf8 \ud83c\uddf8\ud83c\uddea<\/p>\n\t\t\n<style>\n#text-1208794549 {\n  font-size: 1.7rem;\n}\n<\/style>\n\t<\/div>\n\t\n\t<div id=\"text-2957623322\" class=\"text inter mb-0\">\n\t\t\n\n<p>\u2705 Legalna konoplja (manj kot 0,3 % THC)<br>\u2705 Brez zdravstvenih trditev<br>\u2705 Brezpla\u010dna dostava za vsa naro\u010dila v EU nad 19 \u20ac<\/p>\n\t\t\n<style>\n#text-2957623322 {\n  font-size: 1rem;\n}\n@media (min-width:550px) {\n  #text-2957623322 {\n    font-size: 1.2rem;\n  }\n}\n<\/style>\n\t<\/div>\n\t\n\n\t\t<\/div>\n\t\t\t\t\n<style>\n#col-1773406914 > .col-inner {\n  padding: 20px 20px 20px 20px;\n}\n<\/style>\n\t<\/div>\n\n\t\n\n\t<div id=\"col-517679349\" class=\"col medium-9 small-12 large-9\"  >\n\t\t\t\t<div class=\"col-inner text-center\"  >\n\t\t\t\n\t\t\t\n\n<a href=\"https:\/\/www.smokyhub.com\/trgovina\/\" class=\"button primary is-larger lowercase inter custom-button mb-0\" style=\"border-radius:99px;padding:0px 40px 0px 40px;\">\n\t\t<span>Oglejte si izdelke<\/span>\n\t<\/a>\n\n\n\n\t\t<\/div>\n\t\t\t\t\t<\/div>\n\n\t\n\n\t<div id=\"col-432721679\" class=\"col medium-8 small-12 large-8\"  >\n\t\t\t\t<div class=\"col-inner\"  >\n\t\t\t\n\t<div class=\"is-border\"\n\t\tstyle=\"border-color:rgb(0, 0, 0);border-radius:20px;border-width:2px 2px 2px 2px;margin:0px 0px 0px 0px;\">\n\t<\/div>\n\t\t\t\n\n\t<div id=\"text-1688778521\" class=\"text mb-0 inter\">\n\t\t\n\n<p><strong>Pridobite 10 % popusta na prvo naro\u010dilo<\/strong> \u2013 Pridru\u017eite se SmokyClubu<\/p>\n\t\t\n<style>\n#text-1688778521 {\n  font-size: 1.5rem;\n}\n@media (min-width:550px) {\n  #text-1688778521 {\n    font-size: 2rem;\n  }\n}\n<\/style>\n\t<\/div>\n\t\n\t<div id=\"text-1599568358\" class=\"text mb-0 inter\">\n\t\t\n\n<p>Bodite prvi obve\u0161\u010deni o nagradnih igrah, ponudbah in vibracijah.<\/p>\n\t\t\n<style>\n#text-1599568358 {\n  font-size: 1rem;\n}\n@media (min-width:550px) {\n  #text-1599568358 {\n    font-size: 1.2rem;\n  }\n}\n<\/style>\n\t<\/div>\n\t\n\t<div id=\"gap-1594952652\" class=\"gap-element clearfix\" style=\"display:block; height:auto;\">\n\t\t\n<style>\n#gap-1594952652 {\n  padding-top: 1em;\n}\n<\/style>\n\t<\/div>\n\t\n\n\n<div class=\"wpcf7 no-js\" id=\"wpcf7-f1795-o1\" lang=\"sl-SI\" dir=\"ltr\" data-wpcf7-id=\"1795\">\n<div class=\"screen-reader-response\"><p role=\"status\" aria-live=\"polite\" aria-atomic=\"true\"><\/p> <ul><\/ul><\/div>\n<form action=\"\/de\/wp-json\/wp\/v2\/pages\/2047#wpcf7-f1795-o1\" method=\"post\" class=\"wpcf7-form init\" aria-label=\"Kontaktni obrazec\" novalidate=\"novalidate\" data-status=\"init\">\n<fieldset class=\"hidden-fields-container\"><input type=\"hidden\" name=\"_wpcf7\" value=\"1795\" \/><input type=\"hidden\" name=\"_wpcf7_version\" value=\"6.1.5\" \/><input type=\"hidden\" name=\"_wpcf7_locale\" value=\"sl_SI\" \/><input type=\"hidden\" name=\"_wpcf7_unit_tag\" value=\"wpcf7-f1795-o1\" \/><input type=\"hidden\" name=\"_wpcf7_container_post\" value=\"0\" \/><input type=\"hidden\" name=\"_wpcf7_posted_data_hash\" value=\"\" \/>\n<\/fieldset>\n<div class=\"flex-row form-flat medium-flex-wrap\">\n\t<div class=\"flex-col flex-grow\">\n\t\t<p><span class=\"wpcf7-form-control-wrap\" data-name=\"your-email\"><input size=\"40\" maxlength=\"400\" class=\"wpcf7-form-control wpcf7-email wpcf7-validates-as-required wpcf7-text wpcf7-validates-as-email\" aria-required=\"true\" aria-invalid=\"false\" placeholder=\"Tvoj email (obvezno)\" value=\"\" type=\"email\" name=\"your-email\" \/><\/span>\n\t\t<\/p>\n\t<\/div>\n\t<div class=\"flex-col ml-half\">\n\t\t<p><input class=\"wpcf7-form-control wpcf7-submit has-spinner button\" type=\"submit\" value=\"Pridru\u017ei se\" \/>\n\t\t<\/p>\n\t<\/div>\n<\/div><div class=\"wpcf7-response-output\" aria-hidden=\"true\"><\/div>\n<\/form>\n<\/div>\n\n\n\n\t\t<\/div>\n\t\t\t\t\n<style>\n#col-432721679 > .col-inner {\n  padding: 20px 20px 20px 20px;\n}\n<\/style>\n\t<\/div>\n\n\t\n\n<\/div>\n\n\t\t<\/div>\n\n\t\t\n<style>\n#section_1688166819 {\n  padding-top: 30px;\n  padding-bottom: 30px;\n}\n@media (min-width:550px) {\n  #section_1688166819 {\n    padding-top: 50px;\n    padding-bottom: 50px;\n  }\n}\n<\/style>\n\t<\/section>\n\t\n\n","protected":false},"excerpt":{"rendered":"","protected":false},"author":1,"featured_media":0,"parent":0,"menu_order":0,"comment_status":"closed","ping_status":"closed","template":"page-blank-landingpage.php","meta":{"_acf_changed":false,"footnotes":""},"class_list":["post-2047","page","type-page","status-publish","hentry"],"acf":[],"_links":{"self":[{"href":"https:\/\/www.smokyhub.com\/de\/wp-json\/wp\/v2\/pages\/2047","targetHints":{"allow":["GET"]}}],"collection":[{"href":"https:\/\/www.smokyhub.com\/de\/wp-json\/wp\/v2\/pages"}],"about":[{"href":"https:\/\/www.smokyhub.com\/de\/wp-json\/wp\/v2\/types\/page"}],"author":[{"embeddable":true,"href":"https:\/\/www.smokyhub.com\/de\/wp-json\/wp\/v2\/users\/1"}],"replies":[{"embeddable":true,"href":"https:\/\/www.smokyhub.com\/de\/wp-json\/wp\/v2\/comments?post=2047"}],"version-history":[{"count":2,"href":"https:\/\/www.smokyhub.com\/de\/wp-json\/wp\/v2\/pages\/2047\/revisions"}],"predecessor-version":[{"id":2049,"href":"https:\/\/www.smokyhub.com\/de\/wp-json\/wp\/v2\/pages\/2047\/revisions\/2049"}],"wp:attachment":[{"href":"https:\/\/www.smokyhub.com\/de\/wp-json\/wp\/v2\/media?parent=2047"}],"curies":[{"name":"wp","href":"https:\/\/api.w.org\/{rel}","templated":true}]}}